{"id":101,"date":"2011-07-01T08:48:26","date_gmt":"2011-07-01T08:48:26","guid":{"rendered":"http:\/\/www.hoftheater-langegg.at\/cms\/?page_id=101"},"modified":"2011-07-01T13:05:19","modified_gmt":"2011-07-01T13:05:19","slug":"hexen","status":"publish","type":"page","link":"https:\/\/www.hoftheater-langegg.at\/cms\/?page_id=101","title":{"rendered":"Hexen"},"content":{"rendered":"<h2>2002<\/h2>\nngg_shortcode_0_placeholder\n<p>Ein Schwank, der sich mit den \u201eAbgr\u00fcnden\u201c  der weiblichen Seele  befasst. Mutter und Tochter behandeln ihre  Ehem\u00e4nner mehr schlecht als  recht. Die Dorfintrigantin Irma gie\u00dft immer wieder \u00d6l ins Feuer. Der pfiffige Knecht kann das nicht mehr   ansehen und bringt die Beiden auf die Alm zu einem Verwandten. Zu ihren   Frauen sagen die M\u00e4nner, dass sie auf einem Schiff anheuern. Durch  Katastrophenmeldungen von der christlichen  Seefahrt bekommen die Frauen  es mit der Angst zu tun. Sie geloben  Besserung, wenn ihre Angetrauten  wieder heil nach Hause kommen. Nach der gl\u00fccklichen Heimkunft ihrer  Ehem\u00e4nner werden  die Frauen kleinlaut und zahm. Die b\u00f6se Irma aber  bekommt ihr Fett ab.<\/p>\n<p>[flashvideo file=wp-content\/uploads\/2011\/07\/hexen.flv \/]<\/p>\n","protected":false},"excerpt":{"rendered":"<p>2002 Ein Schwank, der sich mit den \u201eAbgr\u00fcnden\u201c der weiblichen Seele befasst. Mutter und Tochter behandeln ihre Ehem\u00e4nner mehr schlecht als recht. Die Dorfintrigantin Irma gie\u00dft immer wieder \u00d6l ins Feuer. Der pfiffige Knecht kann das nicht mehr ansehen und &hellip; <a href=\"https:\/\/www.hoftheater-langegg.at\/cms\/?page_id=101\">Weiterlesen <span class=\"meta-nav\">&rarr;<\/span><\/a><\/p>\n","protected":false},"author":2,"featured_media":0,"parent":13,"menu_order":2,"comment_status":"closed","ping_status":"open","template":"","meta":{"ngg_post_thumbnail":0,"footnotes":""},"class_list":["post-101","page","type-page","status-publish","hentry"],"_links":{"self":[{"href":"https:\/\/www.hoftheater-langegg.at\/cms\/index.php?rest_route=\/wp\/v2\/pages\/101","targetHints":{"allow":["GET"]}}],"collection":[{"href":"https:\/\/www.hoftheater-langegg.at\/cms\/index.php?rest_route=\/wp\/v2\/pages"}],"about":[{"href":"https:\/\/www.hoftheater-langegg.at\/cms\/index.php?rest_route=\/wp\/v2\/types\/page"}],"author":[{"embeddable":true,"href":"https:\/\/www.hoftheater-langegg.at\/cms\/index.php?rest_route=\/wp\/v2\/users\/2"}],"replies":[{"embeddable":true,"href":"https:\/\/www.hoftheater-langegg.at\/cms\/index.php?rest_route=%2Fwp%2Fv2%2Fcomments&post=101"}],"version-history":[{"count":5,"href":"https:\/\/www.hoftheater-langegg.at\/cms\/index.php?rest_route=\/wp\/v2\/pages\/101\/revisions"}],"predecessor-version":[{"id":174,"href":"https:\/\/www.hoftheater-langegg.at\/cms\/index.php?rest_route=\/wp\/v2\/pages\/101\/revisions\/174"}],"up":[{"embeddable":true,"href":"https:\/\/www.hoftheater-langegg.at\/cms\/index.php?rest_route=\/wp\/v2\/pages\/13"}],"wp:attachment":[{"href":"https:\/\/www.hoftheater-langegg.at\/cms\/index.php?rest_route=%2Fwp%2Fv2%2Fmedia&parent=101"}],"curies":[{"name":"wp","href":"https:\/\/api.w.org\/{rel}","templated":true}]}}