{"id":104,"date":"2011-07-01T08:48:54","date_gmt":"2011-07-01T08:48:54","guid":{"rendered":"http:\/\/www.hoftheater-langegg.at\/cms\/?page_id=104"},"modified":"2025-10-18T15:13:42","modified_gmt":"2025-10-18T15:13:42","slug":"lottofieber","status":"publish","type":"page","link":"https:\/\/www.hoftheater-langegg.at\/cms\/?page_id=104","title":{"rendered":"Lottofieber"},"content":{"rendered":"<h2>2004<\/h2>\nngg_shortcode_0_placeholder\n<p>Stellen sie sich vor, es gibt einen Lotto-Sechser und niemand will das Geld. Nebenbei ist da aber ein Hirsch, hinter dem die ganze Meute her ist. Der Bauer und Jagdp\u00e4chter Karl ist ein richtiges Schlitzohr. Er \u00e4ndert die Abschusspl\u00e4ne wie es f\u00fcr ihn von Vorteil ist und l\u00e4sst seinen etwas schwerf\u00e4lligen Aufsichtsj\u00e4ger Sepp sogar in der Schonzeit jagen, weil er beim Postwirt liefern muss. Ein Graf, der sich auf Sommerfrische im Dorf aufh\u00e4lt, bringt nun sein Leben g\u00e4nzlich durcheinander. Der Adelige hat den Hirsch, der dem Pr\u00e4sidenten vom Jagdschutzverein versprochen war, geschossen. Seine Neffen, denen er die im Lotto gewonnene Million schenken will, stellen sich als Gauner heraus. Durch eine vorget\u00e4uschte Krankheit lernt er ihren wahren Charakter kennen. Aber letztendlich nimmt die Geschichte ein gutes Ende.<\/p>\n","protected":false},"excerpt":{"rendered":"<p>2004 Stellen sie sich vor, es gibt einen Lotto-Sechser und niemand will das Geld. Nebenbei ist da aber ein Hirsch, hinter dem die ganze Meute her ist. Der Bauer und Jagdp\u00e4chter Karl ist ein richtiges Schlitzohr. Er \u00e4ndert die Abschusspl\u00e4ne &hellip; <a href=\"https:\/\/www.hoftheater-langegg.at\/cms\/?page_id=104\">Weiterlesen <span class=\"meta-nav\">&rarr;<\/span><\/a><\/p>\n","protected":false},"author":2,"featured_media":0,"parent":13,"menu_order":3,"comment_status":"closed","ping_status":"open","template":"","meta":{"ngg_post_thumbnail":0,"footnotes":""},"class_list":["post-104","page","type-page","status-publish","hentry"],"_links":{"self":[{"href":"https:\/\/www.hoftheater-langegg.at\/cms\/index.php?rest_route=\/wp\/v2\/pages\/104","targetHints":{"allow":["GET"]}}],"collection":[{"href":"https:\/\/www.hoftheater-langegg.at\/cms\/index.php?rest_route=\/wp\/v2\/pages"}],"about":[{"href":"https:\/\/www.hoftheater-langegg.at\/cms\/index.php?rest_route=\/wp\/v2\/types\/page"}],"author":[{"embeddable":true,"href":"https:\/\/www.hoftheater-langegg.at\/cms\/index.php?rest_route=\/wp\/v2\/users\/2"}],"replies":[{"embeddable":true,"href":"https:\/\/www.hoftheater-langegg.at\/cms\/index.php?rest_route=%2Fwp%2Fv2%2Fcomments&post=104"}],"version-history":[{"count":14,"href":"https:\/\/www.hoftheater-langegg.at\/cms\/index.php?rest_route=\/wp\/v2\/pages\/104\/revisions"}],"predecessor-version":[{"id":453,"href":"https:\/\/www.hoftheater-langegg.at\/cms\/index.php?rest_route=\/wp\/v2\/pages\/104\/revisions\/453"}],"up":[{"embeddable":true,"href":"https:\/\/www.hoftheater-langegg.at\/cms\/index.php?rest_route=\/wp\/v2\/pages\/13"}],"wp:attachment":[{"href":"https:\/\/www.hoftheater-langegg.at\/cms\/index.php?rest_route=%2Fwp%2Fv2%2Fmedia&parent=104"}],"curies":[{"name":"wp","href":"https:\/\/api.w.org\/{rel}","templated":true}]}}