{"id":107,"date":"2011-07-01T08:49:21","date_gmt":"2011-07-01T08:49:21","guid":{"rendered":"http:\/\/www.hoftheater-langegg.at\/cms\/?page_id=107"},"modified":"2011-07-01T09:14:21","modified_gmt":"2011-07-01T09:14:21","slug":"bruder","status":"publish","type":"page","link":"https:\/\/www.hoftheater-langegg.at\/cms\/?page_id=107","title":{"rendered":"Br\u00fcder"},"content":{"rendered":"<h2>2006<\/h2>\nngg_shortcode_0_placeholder\n<p>Zwei  Br\u00fcder &#8211; gegens\u00e4tzlich wie  Feuer und  Wasser. Der eine  B\u00fcrgermeister  und Gastronom, eitel und nur  auf  seinen Vorteil bedacht  ist leider  etwas naiv. Der andere, listig  und trotz seines hohen Alkoholkonsums  immer mit Durchblick und    spitzer Zunge zur Stelle, um seinen Bruder  zu \u00e4rgern. Die Ankunft eines    lange verschollenen Gemeindebewohners\u00a0 bringt Unruhe ins Volk.  Es  hei\u00dft, er h\u00e4tte mit Aktien ein   Verm\u00f6gen gemacht. Der B\u00fcrgermeister   will da nat\u00fcrlich ein St\u00fcck vom   Kuchen und auch der Pfarrer will  einen  Teil.<br \/>\nXandl, der versoffene  Bruder, hat da aber andere   Informationen, jedoch  sein Bruder will  davon nichts wissen. Gerade als   sich der B\u00fcrgermeister  am Ziel seiner  Tr\u00e4ume sieht, wird sein Weltbild vollends zerst\u00f6rt.<\/p>\n","protected":false},"excerpt":{"rendered":"<p>2006 Zwei Br\u00fcder &#8211; gegens\u00e4tzlich wie Feuer und Wasser. Der eine B\u00fcrgermeister und Gastronom, eitel und nur auf seinen Vorteil bedacht ist leider etwas naiv. Der andere, listig und trotz seines hohen Alkoholkonsums immer mit Durchblick und spitzer Zunge zur &hellip; <a href=\"https:\/\/www.hoftheater-langegg.at\/cms\/?page_id=107\">Weiterlesen <span class=\"meta-nav\">&rarr;<\/span><\/a><\/p>\n","protected":false},"author":2,"featured_media":0,"parent":13,"menu_order":4,"comment_status":"closed","ping_status":"open","template":"","meta":{"ngg_post_thumbnail":0,"footnotes":""},"class_list":["post-107","page","type-page","status-publish","hentry"],"_links":{"self":[{"href":"https:\/\/www.hoftheater-langegg.at\/cms\/index.php?rest_route=\/wp\/v2\/pages\/107","targetHints":{"allow":["GET"]}}],"collection":[{"href":"https:\/\/www.hoftheater-langegg.at\/cms\/index.php?rest_route=\/wp\/v2\/pages"}],"about":[{"href":"https:\/\/www.hoftheater-langegg.at\/cms\/index.php?rest_route=\/wp\/v2\/types\/page"}],"author":[{"embeddable":true,"href":"https:\/\/www.hoftheater-langegg.at\/cms\/index.php?rest_route=\/wp\/v2\/users\/2"}],"replies":[{"embeddable":true,"href":"https:\/\/www.hoftheater-langegg.at\/cms\/index.php?rest_route=%2Fwp%2Fv2%2Fcomments&post=107"}],"version-history":[{"count":3,"href":"https:\/\/www.hoftheater-langegg.at\/cms\/index.php?rest_route=\/wp\/v2\/pages\/107\/revisions"}],"predecessor-version":[{"id":126,"href":"https:\/\/www.hoftheater-langegg.at\/cms\/index.php?rest_route=\/wp\/v2\/pages\/107\/revisions\/126"}],"up":[{"embeddable":true,"href":"https:\/\/www.hoftheater-langegg.at\/cms\/index.php?rest_route=\/wp\/v2\/pages\/13"}],"wp:attachment":[{"href":"https:\/\/www.hoftheater-langegg.at\/cms\/index.php?rest_route=%2Fwp%2Fv2%2Fmedia&parent=107"}],"curies":[{"name":"wp","href":"https:\/\/api.w.org\/{rel}","templated":true}]}}