{"id":109,"date":"2011-07-01T08:49:45","date_gmt":"2011-07-01T08:49:45","guid":{"rendered":"http:\/\/www.hoftheater-langegg.at\/cms\/?page_id=109"},"modified":"2011-07-01T09:10:50","modified_gmt":"2011-07-01T09:10:50","slug":"junggesellen","status":"publish","type":"page","link":"https:\/\/www.hoftheater-langegg.at\/cms\/?page_id=109","title":{"rendered":"Junggesellen"},"content":{"rendered":"<h2>2008<\/h2>\nngg_shortcode_0_placeholder\n<p>Zwei    eingefleischte Junggesellen,  mit sehr viel Liebe zur Blasmusik  aber    ohne Beziehung zur Arbeit,  lassen es sich auf ihrem Hof gut gehen.   Eine   verlorene Wette mit dem  B\u00fcrgermeister\u00a0 stellt sich als  Katastrophe    heraus. Die Beiden\u00a0  m\u00fcssen eine Haush\u00e4lterin auf den Hof  nehmen. Wie    sich herausstellt  ist die Frau eine Jugendliebe des  \u00c4lteren der Beiden.    Sie kommt  nicht allein, in ihrem Schlepptau hat  sie die Tochter aus    erster Ehe  und den etwas eigenartigen Sohn aus  zweiter Ehe. Max, der    J\u00fcngere  meint, dass er sie innerhalb von  drei Tagen vertreiben kann.   Er  behandelt sie  schlecht, aber da hat er  die Rechnung ohne seine    Nachbarin Rosa gemacht.  Die Frauen machen  beim Kirchweih fest einen    Weiberaufstand, dass den  Junggesellen das  Lachen vergeht. Gustl, der    \u00c4ltere will sogar sein  Junggesellenleben  aufgeben. Nur Max bleibt was    er ist &#8211; ein Junggeselle.<\/p>\n","protected":false},"excerpt":{"rendered":"<p>2008 Zwei eingefleischte Junggesellen, mit sehr viel Liebe zur Blasmusik aber ohne Beziehung zur Arbeit, lassen es sich auf ihrem Hof gut gehen. Eine verlorene Wette mit dem B\u00fcrgermeister\u00a0 stellt sich als Katastrophe heraus. Die Beiden\u00a0 m\u00fcssen eine Haush\u00e4lterin auf &hellip; <a href=\"https:\/\/www.hoftheater-langegg.at\/cms\/?page_id=109\">Weiterlesen <span class=\"meta-nav\">&rarr;<\/span><\/a><\/p>\n","protected":false},"author":2,"featured_media":0,"parent":13,"menu_order":5,"comment_status":"closed","ping_status":"open","template":"","meta":{"ngg_post_thumbnail":0,"footnotes":""},"class_list":["post-109","page","type-page","status-publish","hentry"],"_links":{"self":[{"href":"https:\/\/www.hoftheater-langegg.at\/cms\/index.php?rest_route=\/wp\/v2\/pages\/109","targetHints":{"allow":["GET"]}}],"collection":[{"href":"https:\/\/www.hoftheater-langegg.at\/cms\/index.php?rest_route=\/wp\/v2\/pages"}],"about":[{"href":"https:\/\/www.hoftheater-langegg.at\/cms\/index.php?rest_route=\/wp\/v2\/types\/page"}],"author":[{"embeddable":true,"href":"https:\/\/www.hoftheater-langegg.at\/cms\/index.php?rest_route=\/wp\/v2\/users\/2"}],"replies":[{"embeddable":true,"href":"https:\/\/www.hoftheater-langegg.at\/cms\/index.php?rest_route=%2Fwp%2Fv2%2Fcomments&post=109"}],"version-history":[{"count":4,"href":"https:\/\/www.hoftheater-langegg.at\/cms\/index.php?rest_route=\/wp\/v2\/pages\/109\/revisions"}],"predecessor-version":[{"id":122,"href":"https:\/\/www.hoftheater-langegg.at\/cms\/index.php?rest_route=\/wp\/v2\/pages\/109\/revisions\/122"}],"up":[{"embeddable":true,"href":"https:\/\/www.hoftheater-langegg.at\/cms\/index.php?rest_route=\/wp\/v2\/pages\/13"}],"wp:attachment":[{"href":"https:\/\/www.hoftheater-langegg.at\/cms\/index.php?rest_route=%2Fwp%2Fv2%2Fmedia&parent=109"}],"curies":[{"name":"wp","href":"https:\/\/api.w.org\/{rel}","templated":true}]}}