{"id":11,"date":"2011-07-01T06:14:42","date_gmt":"2011-07-01T06:14:42","guid":{"rendered":"http:\/\/www.hoftheater-langegg.at\/cms\/?page_id=11"},"modified":"2019-11-04T16:44:20","modified_gmt":"2019-11-04T16:44:20","slug":"theaterverein","status":"publish","type":"page","link":"https:\/\/www.hoftheater-langegg.at\/cms\/?page_id=11","title":{"rendered":"Theaterverein"},"content":{"rendered":"<p>Theaterverein Hoftheater Langegg<\/p>\n<p>Gr\u00fcndung: 1998<\/p>\n<p>Der Vorstand:<\/p>\n<p>Obmann: Patrick Hofer<br \/>\nObmann Stv.: Ferdinand Hofer<br \/>\nObmann Stv.: Thomas Schober<br \/>\nKassier: Karin Hofer<br \/>\nKassier Stv.: Ewald Baumgartner<br \/>\nSchriftf\u00fchrer: Daniela Baumgartner<br \/>\nSchriftf\u00fchrer Stv.: Sarah P\u00f6nitz<\/p>\n","protected":false},"excerpt":{"rendered":"<p>Theaterverein Hoftheater Langegg Gr\u00fcndung: 1998 Der Vorstand: Obmann: Patrick Hofer Obmann Stv.: Ferdinand Hofer Obmann Stv.: Thomas Schober Kassier: Karin Hofer Kassier Stv.: Ewald Baumgartner Schriftf\u00fchrer: Daniela Baumgartner Schriftf\u00fchrer Stv.: Sarah P\u00f6nitz<\/p>\n","protected":false},"author":2,"featured_media":0,"parent":0,"menu_order":8,"comment_status":"closed","ping_status":"closed","template":"","meta":{"ngg_post_thumbnail":0,"footnotes":""},"class_list":["post-11","page","type-page","status-publish","hentry"],"_links":{"self":[{"href":"https:\/\/www.hoftheater-langegg.at\/cms\/index.php?rest_route=\/wp\/v2\/pages\/11","targetHints":{"allow":["GET"]}}],"collection":[{"href":"https:\/\/www.hoftheater-langegg.at\/cms\/index.php?rest_route=\/wp\/v2\/pages"}],"about":[{"href":"https:\/\/www.hoftheater-langegg.at\/cms\/index.php?rest_route=\/wp\/v2\/types\/page"}],"author":[{"embeddable":true,"href":"https:\/\/www.hoftheater-langegg.at\/cms\/index.php?rest_route=\/wp\/v2\/users\/2"}],"replies":[{"embeddable":true,"href":"https:\/\/www.hoftheater-langegg.at\/cms\/index.php?rest_route=%2Fwp%2Fv2%2Fcomments&post=11"}],"version-history":[{"count":6,"href":"https:\/\/www.hoftheater-langegg.at\/cms\/index.php?rest_route=\/wp\/v2\/pages\/11\/revisions"}],"predecessor-version":[{"id":433,"href":"https:\/\/www.hoftheater-langegg.at\/cms\/index.php?rest_route=\/wp\/v2\/pages\/11\/revisions\/433"}],"wp:attachment":[{"href":"https:\/\/www.hoftheater-langegg.at\/cms\/index.php?rest_route=%2Fwp%2Fv2%2Fmedia&parent=11"}],"curies":[{"name":"wp","href":"https:\/\/api.w.org\/{rel}","templated":true}]}}