{"id":111,"date":"2011-07-01T08:49:58","date_gmt":"2011-07-01T08:49:58","guid":{"rendered":"http:\/\/www.hoftheater-langegg.at\/cms\/?page_id=111"},"modified":"2011-07-01T12:27:51","modified_gmt":"2011-07-01T12:27:51","slug":"sundenfall","status":"publish","type":"page","link":"https:\/\/www.hoftheater-langegg.at\/cms\/?page_id=111","title":{"rendered":"S\u00fcndenfall"},"content":{"rendered":"<h2>2010<\/h2>\nngg_shortcode_0_placeholder\n<p>Hans     Kofler, ein Bauer und  Gastwirt, scheinheilig und geldgierig,      terrorisiert seine Umgebung.  Als Mitglied des Moralausschusses der      Pfarrgemeinde stellt er hohe  Anforderungen an seine Mitmenschen, er     selbst h\u00e4lt sich aber  nicht daran. Eines Tages kommt ein  M\u00e4dchen und     gibt ihm einen Brief  von ihrer verstorbenen Mutter. In  diesem Brief     steht, dass er der Vater des M\u00e4dchens sei. Er will die Sache     vertuschen und stellt  sie  als Kellnerin ein. Sein Nachbar Bertl Kofler     wird zuf\u00e4llig  Zeuge des  Gespr\u00e4chs. Vollends in der Zwickm\u00fchle  ist    er, als  sein Sohn der neuen Kellnerin sch\u00f6n Augen macht  und er  dem    Vater  erkl\u00e4rt, dass er das M\u00e4dchen heiraten will. Mit List  will  er sie     mit Seppi, dem Sohn vom Bertl, verkuppeln. Der Pfarrer,  der von   der   Sache auch geh\u00f6rt  hat, will nun ins Taufbuch der  Heimatpfarre  des    M\u00e4dchens Einsicht  nehmen. So kl\u00e4rt sich alles auf und die Geschichte nimmt einen \u00fcberraschenden Verlauf.<\/p>\n<p>[flashvideo file=wp-content\/uploads\/2011\/07\/suendenfall.flv \/]<\/p>\n","protected":false},"excerpt":{"rendered":"<p>2010 Hans Kofler, ein Bauer und Gastwirt, scheinheilig und geldgierig, terrorisiert seine Umgebung. Als Mitglied des Moralausschusses der Pfarrgemeinde stellt er hohe Anforderungen an seine Mitmenschen, er selbst h\u00e4lt sich aber nicht daran. Eines Tages kommt ein M\u00e4dchen und gibt &hellip; <a href=\"https:\/\/www.hoftheater-langegg.at\/cms\/?page_id=111\">Weiterlesen <span class=\"meta-nav\">&rarr;<\/span><\/a><\/p>\n","protected":false},"author":2,"featured_media":0,"parent":13,"menu_order":6,"comment_status":"closed","ping_status":"open","template":"","meta":{"ngg_post_thumbnail":0,"footnotes":""},"class_list":["post-111","page","type-page","status-publish","hentry"],"_links":{"self":[{"href":"https:\/\/www.hoftheater-langegg.at\/cms\/index.php?rest_route=\/wp\/v2\/pages\/111","targetHints":{"allow":["GET"]}}],"collection":[{"href":"https:\/\/www.hoftheater-langegg.at\/cms\/index.php?rest_route=\/wp\/v2\/pages"}],"about":[{"href":"https:\/\/www.hoftheater-langegg.at\/cms\/index.php?rest_route=\/wp\/v2\/types\/page"}],"author":[{"embeddable":true,"href":"https:\/\/www.hoftheater-langegg.at\/cms\/index.php?rest_route=\/wp\/v2\/users\/2"}],"replies":[{"embeddable":true,"href":"https:\/\/www.hoftheater-langegg.at\/cms\/index.php?rest_route=%2Fwp%2Fv2%2Fcomments&post=111"}],"version-history":[{"count":11,"href":"https:\/\/www.hoftheater-langegg.at\/cms\/index.php?rest_route=\/wp\/v2\/pages\/111\/revisions"}],"predecessor-version":[{"id":167,"href":"https:\/\/www.hoftheater-langegg.at\/cms\/index.php?rest_route=\/wp\/v2\/pages\/111\/revisions\/167"}],"up":[{"embeddable":true,"href":"https:\/\/www.hoftheater-langegg.at\/cms\/index.php?rest_route=\/wp\/v2\/pages\/13"}],"wp:attachment":[{"href":"https:\/\/www.hoftheater-langegg.at\/cms\/index.php?rest_route=%2Fwp%2Fv2%2Fmedia&parent=111"}],"curies":[{"name":"wp","href":"https:\/\/api.w.org\/{rel}","templated":true}]}}