{"id":221,"date":"2013-12-04T17:52:10","date_gmt":"2013-12-04T17:52:10","guid":{"rendered":"http:\/\/www.hoftheater-langegg.at\/cms\/?page_id=221"},"modified":"2013-12-04T18:07:57","modified_gmt":"2013-12-04T18:07:57","slug":"adel-verplichtet","status":"publish","type":"page","link":"https:\/\/www.hoftheater-langegg.at\/cms\/?page_id=221","title":{"rendered":"Adel verplichtet"},"content":{"rendered":"<h2>2013<\/h2>\nngg_shortcode_0_placeholder\n<p>2013 wurde mit der Kom\u00f6die \u201eADEL VERPFLICHTET\u201c ein neuer Besucherrekord erzielt. Von den geplanten 14 Vorstellungen, konnten aber nur 12 gespielt werden. Eine Auff\u00fchrung fiel dem Schlechtwetter zum Opfer, eine musste wegen Erkrankung abgesagt werden. In der Zeit vom 29. Mai bis zum 5. Juli durften wir 2500 Besucher im Hoftheater begr\u00fc\u00dfen und die waren von den Akteuren\u00a0 und vom St\u00fcck restlos begeistert. Die skurrile Geschichte \u00fcber einen Wirt, der einen\u00a0 Tourismusverein gr\u00fcndet und schon mit dem ersten Gast seine liebe Not hat, sorgte f\u00fcr Lachst\u00fcrme im Publikum. \u201eAdel verpflichtet\u201c wurde in Deutschland schon auf einigen B\u00fchnen mit gro\u00dfem Erfolg aufgef\u00fchrt. Mit Manuela Tandl, Nadine Pauli und G\u00fcnter Hirt haben sich drei neue Ensemblemitglieder vorgestellt, die f\u00fcr unsere B\u00fchne eine Bereicherung sind.<\/p>\n","protected":false},"excerpt":{"rendered":"<p>2013 2013 wurde mit der Kom\u00f6die \u201eADEL VERPFLICHTET\u201c ein neuer Besucherrekord erzielt. Von den geplanten 14 Vorstellungen, konnten aber nur 12 gespielt werden. Eine Auff\u00fchrung fiel dem Schlechtwetter zum Opfer, eine musste wegen Erkrankung abgesagt werden. In der Zeit vom &hellip; <a href=\"https:\/\/www.hoftheater-langegg.at\/cms\/?page_id=221\">Weiterlesen <span class=\"meta-nav\">&rarr;<\/span><\/a><\/p>\n","protected":false},"author":2,"featured_media":0,"parent":13,"menu_order":10,"comment_status":"closed","ping_status":"open","template":"","meta":{"ngg_post_thumbnail":0,"footnotes":""},"class_list":["post-221","page","type-page","status-publish","hentry"],"_links":{"self":[{"href":"https:\/\/www.hoftheater-langegg.at\/cms\/index.php?rest_route=\/wp\/v2\/pages\/221","targetHints":{"allow":["GET"]}}],"collection":[{"href":"https:\/\/www.hoftheater-langegg.at\/cms\/index.php?rest_route=\/wp\/v2\/pages"}],"about":[{"href":"https:\/\/www.hoftheater-langegg.at\/cms\/index.php?rest_route=\/wp\/v2\/types\/page"}],"author":[{"embeddable":true,"href":"https:\/\/www.hoftheater-langegg.at\/cms\/index.php?rest_route=\/wp\/v2\/users\/2"}],"replies":[{"embeddable":true,"href":"https:\/\/www.hoftheater-langegg.at\/cms\/index.php?rest_route=%2Fwp%2Fv2%2Fcomments&post=221"}],"version-history":[{"count":5,"href":"https:\/\/www.hoftheater-langegg.at\/cms\/index.php?rest_route=\/wp\/v2\/pages\/221\/revisions"}],"predecessor-version":[{"id":238,"href":"https:\/\/www.hoftheater-langegg.at\/cms\/index.php?rest_route=\/wp\/v2\/pages\/221\/revisions\/238"}],"up":[{"embeddable":true,"href":"https:\/\/www.hoftheater-langegg.at\/cms\/index.php?rest_route=\/wp\/v2\/pages\/13"}],"wp:attachment":[{"href":"https:\/\/www.hoftheater-langegg.at\/cms\/index.php?rest_route=%2Fwp%2Fv2%2Fmedia&parent=221"}],"curies":[{"name":"wp","href":"https:\/\/api.w.org\/{rel}","templated":true}]}}