{"id":426,"date":"2019-11-04T16:28:56","date_gmt":"2019-11-04T16:28:56","guid":{"rendered":"https:\/\/www.hoftheater-langegg.at\/cms\/?page_id=426"},"modified":"2019-11-04T16:30:49","modified_gmt":"2019-11-04T16:30:49","slug":"feine-damen","status":"publish","type":"page","link":"https:\/\/www.hoftheater-langegg.at\/cms\/?page_id=426","title":{"rendered":"Feine Damen"},"content":{"rendered":"\n<p><strong>Inhalt des St\u00fccks:<\/strong><br>In einem kleinen verschlafenen Nest gleicht ein Tag dem anderen. Die Frau des Metzgers streitet tagein tagaus mit dem Wirt, die Gattin des Tierarztes weint wegen jeder Kleinigkeit und die Pfarrersk\u00f6chin ist darauf bedacht, dass ihr Sch\u00fctzling nicht vom Fleisch f\u00e4llt.<br>Alles geht seinen gewohnten Gang, doch mit der Ankunft zweier feiner Damen, die im Dorfgasthaus absteigen, bricht in dem beschaulichen Dorf das Chaos aus.<br>Der Wirt bringt es auf den Punkt und meint: \u201eDes gaunze Dorf a Irrenhaus und do is die Zentrale!\u201c <\/p>\n\n\n\n<p><\/p>\n\n\n\n<p>Wurde von uns 2018 am MIxnerhof gespielt.<\/p>\n","protected":false},"excerpt":{"rendered":"<p>Inhalt des St\u00fccks:In einem kleinen verschlafenen Nest gleicht ein Tag dem anderen. Die Frau des Metzgers streitet tagein tagaus mit dem Wirt, die Gattin des Tierarztes weint wegen jeder Kleinigkeit und die Pfarrersk\u00f6chin ist darauf bedacht, dass ihr Sch\u00fctzling nicht &hellip; <a href=\"https:\/\/www.hoftheater-langegg.at\/cms\/?page_id=426\">Weiterlesen <span class=\"meta-nav\">&rarr;<\/span><\/a><\/p>\n","protected":false},"author":4,"featured_media":0,"parent":0,"menu_order":12,"comment_status":"closed","ping_status":"closed","template":"","meta":{"ngg_post_thumbnail":0,"footnotes":""},"class_list":["post-426","page","type-page","status-publish","hentry"],"_links":{"self":[{"href":"https:\/\/www.hoftheater-langegg.at\/cms\/index.php?rest_route=\/wp\/v2\/pages\/426","targetHints":{"allow":["GET"]}}],"collection":[{"href":"https:\/\/www.hoftheater-langegg.at\/cms\/index.php?rest_route=\/wp\/v2\/pages"}],"about":[{"href":"https:\/\/www.hoftheater-langegg.at\/cms\/index.php?rest_route=\/wp\/v2\/types\/page"}],"author":[{"embeddable":true,"href":"https:\/\/www.hoftheater-langegg.at\/cms\/index.php?rest_route=\/wp\/v2\/users\/4"}],"replies":[{"embeddable":true,"href":"https:\/\/www.hoftheater-langegg.at\/cms\/index.php?rest_route=%2Fwp%2Fv2%2Fcomments&post=426"}],"version-history":[{"count":1,"href":"https:\/\/www.hoftheater-langegg.at\/cms\/index.php?rest_route=\/wp\/v2\/pages\/426\/revisions"}],"predecessor-version":[{"id":429,"href":"https:\/\/www.hoftheater-langegg.at\/cms\/index.php?rest_route=\/wp\/v2\/pages\/426\/revisions\/429"}],"wp:attachment":[{"href":"https:\/\/www.hoftheater-langegg.at\/cms\/index.php?rest_route=%2Fwp%2Fv2%2Fmedia&parent=426"}],"curies":[{"name":"wp","href":"https:\/\/api.w.org\/{rel}","templated":true}]}}