{"id":7,"date":"2011-07-01T06:14:20","date_gmt":"2011-07-01T06:14:20","guid":{"rendered":"http:\/\/www.hoftheater-langegg.at\/cms\/?page_id=7"},"modified":"2025-10-18T15:16:23","modified_gmt":"2025-10-18T15:16:23","slug":"autor","status":"publish","type":"page","link":"https:\/\/www.hoftheater-langegg.at\/cms\/?page_id=7","title":{"rendered":"Autor"},"content":{"rendered":"<table style=\"height: 1216px;\" border=\"0\" width=\"625\">\n<tbody>\n<tr>\n<td style=\"width: 300px;\" valign=\"top\">\n<p><strong>Hans Schwarzl<\/strong><\/p>\n<p><strong>Ver\u00f6ffentlichte Werke<\/strong><\/p>\n<p><span style=\"text-decoration: underline;\">Gedichtb\u00e4nde:<\/span><\/p>\n<ul>\n<li>Picklbocher Gschichtn<\/li>\n<li>Links und rechts van Picklboch<\/li>\n<li>Is olls net wohr<\/li>\n<li>Do stimmt wos net<\/li>\n<\/ul>\n<p>&nbsp;<\/p>\n<p>Die Theaterst\u00fccke von Hans Schwarzl k\u00f6nnen bei folgenden Verlagen bestellt werden.<\/p>\n<p>&nbsp;<\/p>\n<p>&nbsp;<\/p>\n<p><strong>Theaterverlag RIEDER<span style=\"text-decoration: underline;\"><br \/>\n<\/span><\/strong>Birkenweg 3 86650 Wemding<span style=\"text-decoration: underline;\"><br \/>\n<\/span>Tel.: 49 90 92 242<span style=\"text-decoration: underline;\"><br \/>\n<\/span>Fax: 49 90 92 5607<span style=\"text-decoration: underline;\"><br \/>\n<\/span>E-Mail: info@theaterverlag-rieder.de<span style=\"text-decoration: underline;\"><br \/>\n<\/span>Internet: www. theaterverlag-rieder.de<\/p>\n<p>&nbsp;<\/p>\n<ul>\n<li>Vertraut dem Wasser&nbsp;\/ Kom\u00f6die in 3 Akten<\/li>\n<li>Geliebte Hexen Schwank in 3 Akten<\/li>\n<li>Jagdfieber Schwank in 3. Akten<\/li>\n<li>Honorige Br\u00fcder&nbsp;&nbsp;&nbsp; Kom\u00f6die in 3 Akten<\/li>\n<li>Junggesellen Kom\u00f6die in 3 Akten<\/li>\n<li>S\u00fcndenfall Kom\u00f6die in 3 Akten<\/li>\n<li>Nachbarn Kom\u00f6die in 2 Akten<\/li>\n<li>Der Geizhals Kom\u00f6die in 2 Akten<\/li>\n<li>Seniorenresidenz Tragikom\u00f6die 1Akt<\/li>\n<li>Adel verpflichtet Kom\u00f6die in 3 Akten<\/li>\n<li>Gib dem Affen Zucker Kom\u00f6die in 3 Akten<\/li>\n<li>Der wunde Punkt&nbsp;&nbsp;&nbsp; Kom\u00f6die in 3 Akten<\/li>\n<li>Der Erbonkel Kom\u00f6die in 3 Akten<\/li>\n<li>Sankt Hollywood \/ Kom\u00f6die in 3. Akten<\/li>\n<li>Feine Damen\/ Kom\u00f6die in 3 Akten<\/li>\n<li>Wilde H\u00fchner-Zahme Gockel\/ Kom\u00f6die in 3 Akten<\/li>\n<li>Cafe Paradies\/ Kom\u00f6die in 3 Akten<\/li>\n<li>Die Chaos WG\/ Kom\u00f6die in 3 Akten<\/li>\n<li>Das wundersame Wunder\/ Kom\u00f6die in 3 Akten<\/li>\n<\/ul>\n<p>&nbsp;<\/td>\n<td valign=\"top\">\n<p><img loading=\"lazy\" decoding=\"async\" class=\"size-medium wp-image-367\" src=\"http:\/\/www.hoftheater-langegg.at\/cms\/wp-content\/uploads\/DSC01490-300x200.jpg\" alt=\"SONY DSC\" width=\"300\" height=\"200\" srcset=\"https:\/\/www.hoftheater-langegg.at\/cms\/wp-content\/uploads\/DSC01490-300x200.jpg 300w, https:\/\/www.hoftheater-langegg.at\/cms\/wp-content\/uploads\/DSC01490-768x511.jpg 768w, https:\/\/www.hoftheater-langegg.at\/cms\/wp-content\/uploads\/DSC01490-1024x681.jpg 1024w, https:\/\/www.hoftheater-langegg.at\/cms\/wp-content\/uploads\/DSC01490.jpg 1378w\" sizes=\"auto, (max-width: 300px) 100vw, 300px\" \/><\/p>\n<p>&nbsp;<\/p>\n<p>&nbsp;<\/p>\n<p><strong>UNDA Verlag<\/strong><\/p>\n<p>Stubenberg am See 191 Austria<br \/>\nTel.: 43 3176\/8700<br \/>\nverlag@unda.at<br \/>\nwww.unda.at<\/p>\n<p>Die innere Stimme<br \/>\nEin Schul und Jugendst\u00fcck in einem Akt.<\/td>\n<\/tr>\n<\/tbody>\n<\/table>\n<p>&nbsp;<\/p>\n","protected":false},"excerpt":{"rendered":"<p>Hans Schwarzl Ver\u00f6ffentlichte Werke Gedichtb\u00e4nde: Picklbocher Gschichtn Links und rechts van Picklboch Is olls net wohr Do stimmt wos net &nbsp; Die Theaterst\u00fccke von Hans Schwarzl k\u00f6nnen bei folgenden Verlagen bestellt werden. &nbsp; &nbsp; Theaterverlag RIEDER Birkenweg 3 86650 Wemding &hellip; <a href=\"https:\/\/www.hoftheater-langegg.at\/cms\/?page_id=7\">Weiterlesen <span class=\"meta-nav\">&rarr;<\/span><\/a><\/p>\n","protected":false},"author":2,"featured_media":0,"parent":0,"menu_order":4,"comment_status":"closed","ping_status":"closed","template":"","meta":{"ngg_post_thumbnail":0,"footnotes":""},"class_list":["post-7","page","type-page","status-publish","hentry"],"_links":{"self":[{"href":"https:\/\/www.hoftheater-langegg.at\/cms\/index.php?rest_route=\/wp\/v2\/pages\/7","targetHints":{"allow":["GET"]}}],"collection":[{"href":"https:\/\/www.hoftheater-langegg.at\/cms\/index.php?rest_route=\/wp\/v2\/pages"}],"about":[{"href":"https:\/\/www.hoftheater-langegg.at\/cms\/index.php?rest_route=\/wp\/v2\/types\/page"}],"author":[{"embeddable":true,"href":"https:\/\/www.hoftheater-langegg.at\/cms\/index.php?rest_route=\/wp\/v2\/users\/2"}],"replies":[{"embeddable":true,"href":"https:\/\/www.hoftheater-langegg.at\/cms\/index.php?rest_route=%2Fwp%2Fv2%2Fcomments&post=7"}],"version-history":[{"count":39,"href":"https:\/\/www.hoftheater-langegg.at\/cms\/index.php?rest_route=\/wp\/v2\/pages\/7\/revisions"}],"predecessor-version":[{"id":454,"href":"https:\/\/www.hoftheater-langegg.at\/cms\/index.php?rest_route=\/wp\/v2\/pages\/7\/revisions\/454"}],"wp:attachment":[{"href":"https:\/\/www.hoftheater-langegg.at\/cms\/index.php?rest_route=%2Fwp%2Fv2%2Fmedia&parent=7"}],"curies":[{"name":"wp","href":"https:\/\/api.w.org\/{rel}","templated":true}]}}